{"id":206,"date":"2025-09-24T15:54:34","date_gmt":"2025-09-24T13:54:34","guid":{"rendered":"https:\/\/stream-online.eu\/?page_id=206"},"modified":"2026-04-19T05:48:47","modified_gmt":"2026-04-19T03:48:47","slug":"alexa","status":"publish","type":"page","link":"https:\/\/stream-online.eu\/nl\/alexa\/","title":{"rendered":"Alexa Skill"},"content":{"rendered":"<div class=\"wpb-content-wrapper\"><div class=\"vc_row wpb_row vc_row-fluid\"><div class=\"wpb_column vc_column_container vc_col-sm-12\"><div class=\"vc_column-inner\"><div class=\"wpb_wrapper\">\n\t<div class=\"wpb_raw_code wpb_raw_html wpb_content_element\" >\n\t\t<div class=\"wpb_wrapper\">\n\t\t\t<center>\n<font size=\"6\" color=\"#f3f781\">\nAlexa Skill voor uw webradio\n<br>\n<\/font>\n<\/center>\n\t\t<\/div>\n\t<\/div>\n<\/div><\/div><\/div><\/div><div class=\"vc_row wpb_row vc_row-fluid\"><div class=\"wpb_column vc_column_container vc_col-sm-4\"><div class=\"vc_column-inner\"><div class=\"wpb_wrapper\">\n\t<div  class=\"wpb_single_image wpb_content_element vc_align_left wpb_content_element\">\n\t\t\n\t\t<figure class=\"wpb_wrapper vc_figure\">\n\t\t\t<div class=\"vc_single_image-wrapper   vc_box_border_grey\"><img loading=\"lazy\" decoding=\"async\" width=\"828\" height=\"552\" src=\"https:\/\/stream-online.eu\/wp-content\/uploads\/2025\/09\/alexa.png\" class=\"vc_single_image-img attachment-large\" alt=\"verschiedene Alexa Modelle\" title=\"alexa\" srcset=\"https:\/\/stream-online.eu\/wp-content\/uploads\/2025\/09\/alexa.png 828w, https:\/\/stream-online.eu\/wp-content\/uploads\/2025\/09\/alexa-300x200.png 300w, https:\/\/stream-online.eu\/wp-content\/uploads\/2025\/09\/alexa-768x512.png 768w, https:\/\/stream-online.eu\/wp-content\/uploads\/2025\/09\/alexa-18x12.png 18w\" sizes=\"auto, (max-width: 828px) 100vw, 828px\" \/><\/div>\n\t\t<\/figure>\n\t<\/div>\n<\/div><\/div><\/div><div class=\"wpb_column vc_column_container vc_col-sm-8\"><div class=\"vc_column-inner\"><div class=\"wpb_wrapper\">\n\t<div class=\"wpb_text_column wpb_content_element\" >\n\t\t<div class=\"wpb_wrapper\">\n\t\t\t<p><span style=\"color: #e8e8e8;\">Wij cre\u00ebren tegen lage kosten uw eigen Alexa Skill voor uw webradio.<\/span><\/p>\n<p><span style=\"color: #e8e8e8;\">Je wilt tegen je Alexa kunnen zeggen: \"Alexa, speel  af\" of \"Alexa, start \"<\/span><\/p>\n<p><span style=\"color: #e8e8e8;\">bijvoorbeeld: \u201cAlexa, speel Harmony Jukebox\u201d, of \u201cAlexa, speel Blue Night Station\u201d<\/span><\/p>\n<p><span style=\"color: #e8e8e8;\">Het is allemaal mogelijk, of het nu gaat om een \u200b\u200bShoutcast, Icecast of LautFM-stream.<\/span><\/p>\n\n\t\t<\/div>\n\t<\/div>\n<\/div><\/div><\/div><\/div><div class=\"vc_row wpb_row vc_row-fluid\"><div class=\"wpb_column vc_column_container vc_col-sm-8\"><div class=\"vc_column-inner\"><div class=\"wpb_wrapper\">\n\t<div class=\"wpb_text_column wpb_content_element\" >\n\t\t<div class=\"wpb_wrapper\">\n\t\t\t<h5><span style=\"color: #e8e8e8;\">Technisch proces voor uw Alexa Skill<\/span><\/h5>\n<ul>\n<li><span style=\"color: #e8e8e8;\">U vult het formulier in met de vereiste informatie (knop onder \u201cKlik hier voor het formulier\u201d)<\/span><\/li>\n<li><span style=\"color: #e8e8e8;\">Nadat we uw bestelling hebben ontvangen, nemen we contact met u op via e-mail of WhatsApp om de exacte details te bespreken.<\/span><\/li>\n<li><span style=\"color: #e8e8e8;\">Het kost maximaal \u00e9\u00e9n dag om de Skill te cre\u00ebren.<\/span><\/li>\n<li><span style=\"color: #e8e8e8;\">Nadat u uw bijdrage hebt ingediend bij de Amazon Alexa Skill Store, duurt het ongeveer 1 dag (werkdagen) voordat Amazon deze beoordeelt.<\/span><\/li>\n<li><span style=\"color: #e8e8e8;\">De skill wordt dan openbaar beschikbaar en je ontvangt de link naar de skill. Je kunt de skill voor je Alexa activeren via de link of door te zeggen: \"Alexa, activeer de skill .\"<\/span><\/li>\n<\/ul>\n\n\t\t<\/div>\n\t<\/div>\n<\/div><\/div><\/div><div class=\"wpb_column vc_column_container vc_col-sm-4\"><div class=\"vc_column-inner\"><div class=\"wpb_wrapper\">\n\t<div  class=\"wpb_single_image wpb_content_element vc_align_left wpb_content_element\">\n\t\t\n\t\t<figure class=\"wpb_wrapper vc_figure\">\n\t\t\t<div class=\"vc_single_image-wrapper   vc_box_border_grey\"><img loading=\"lazy\" decoding=\"async\" width=\"600\" height=\"400\" src=\"https:\/\/stream-online.eu\/wp-content\/uploads\/2025\/09\/alexa2.png\" class=\"vc_single_image-img attachment-large\" alt=\"verschiedene Alexa Modelle 2\" title=\"alexa2\" srcset=\"https:\/\/stream-online.eu\/wp-content\/uploads\/2025\/09\/alexa2.png 600w, https:\/\/stream-online.eu\/wp-content\/uploads\/2025\/09\/alexa2-300x200.png 300w, https:\/\/stream-online.eu\/wp-content\/uploads\/2025\/09\/alexa2-18x12.png 18w\" sizes=\"auto, (max-width: 600px) 100vw, 600px\" \/><\/div>\n\t\t<\/figure>\n\t<\/div>\n<\/div><\/div><\/div><\/div><div class=\"vc_row wpb_row vc_row-fluid\"><div class=\"wpb_column vc_column_container vc_col-sm-12\"><div class=\"vc_column-inner\"><div class=\"wpb_wrapper\">\n\t<div class=\"wpb_raw_code wpb_raw_html wpb_content_element\" >\n\t\t<div class=\"wpb_wrapper\">\n\t\t\t<center>\n<a href=\"https:\/\/stream-online.eu\/nl\/alexa-skill-bestellen\/\">\n<img decoding=\"async\" src=\"\/images\/button_hier-geht-es-zum-formular_nl.png\" alt=\"Knop naar het formulier\">\n<\/a>\n<\/center>\n\t\t<\/div>\n\t<\/div>\n<\/div><\/div><\/div><\/div>\n<\/div>","protected":false},"excerpt":{"rendered":"Alexa Skill f\u00fcr Dein Webradio Wir erstellen kosteng\u00fcnstig Deinen eigenen Alexa Skill f\u00fcr Dein Webradio. Du m\u00f6chtest Deiner Alexa sagen [...]","protected":false},"author":1,"featured_media":0,"parent":0,"menu_order":0,"comment_status":"closed","ping_status":"closed","template":"","meta":{"site-sidebar-layout":"no-sidebar","site-content-layout":"plain-container","ast-site-content-layout":"default","site-content-style":"default","site-sidebar-style":"default","ast-global-header-display":"","ast-banner-title-visibility":"","ast-main-header-display":"","ast-hfb-above-header-display":"","ast-hfb-below-header-display":"","ast-hfb-mobile-header-display":"","site-post-title":"disabled","ast-breadcrumbs-content":"","ast-featured-img":"disabled","footer-sml-layout":"","ast-disable-related-posts":"","theme-transparent-header-meta":"default","adv-header-id-meta":"","stick-header-meta":"default","header-above-stick-meta":"","header-main-stick-meta":"","header-below-stick-meta":"","astra-migrate-meta-layouts":"set","ast-page-background-enabled":"default","ast-page-background-meta":{"desktop":{"background-color":"var(--ast-global-color-5)","background-image":"","background-repeat":"repeat","background-position":"center center","background-size":"auto","background-attachment":"scroll","background-type":"","background-media":"","overlay-type":"","overlay-color":"","overlay-opacity":"","overlay-gradient":""},"tablet":{"background-color":"","background-image":"","background-repeat":"repeat","background-position":"center center","background-size":"auto","background-attachment":"scroll","background-type":"","background-media":"","overlay-type":"","overlay-color":"","overlay-opacity":"","overlay-gradient":""},"mobile":{"background-color":"","background-image":"","background-repeat":"repeat","background-position":"center center","background-size":"auto","background-attachment":"scroll","background-type":"","background-media":"","overlay-type":"","overlay-color":"","overlay-opacity":"","overlay-gradient":""}},"ast-content-background-meta":{"desktop":{"background-color":"var(--ast-global-color-4)","background-image":"","background-repeat":"repeat","background-position":"center center","background-size":"auto","background-attachment":"scroll","background-type":"","background-media":"","overlay-type":"","overlay-color":"","overlay-opacity":"","overlay-gradient":""},"tablet":{"background-color":"var(--ast-global-color-4)","background-image":"","background-repeat":"repeat","background-position":"center center","background-size":"auto","background-attachment":"scroll","background-type":"","background-media":"","overlay-type":"","overlay-color":"","overlay-opacity":"","overlay-gradient":""},"mobile":{"background-color":"var(--ast-global-color-4)","background-image":"","background-repeat":"repeat","background-position":"center center","background-size":"auto","background-attachment":"scroll","background-type":"","background-media":"","overlay-type":"","overlay-color":"","overlay-opacity":"","overlay-gradient":""}},"footnotes":""},"class_list":["post-206","page","type-page","status-publish","hentry"],"_links":{"self":[{"href":"https:\/\/stream-online.eu\/nl\/wp-json\/wp\/v2\/pages\/206","targetHints":{"allow":["GET"]}}],"collection":[{"href":"https:\/\/stream-online.eu\/nl\/wp-json\/wp\/v2\/pages"}],"about":[{"href":"https:\/\/stream-online.eu\/nl\/wp-json\/wp\/v2\/types\/page"}],"author":[{"embeddable":true,"href":"https:\/\/stream-online.eu\/nl\/wp-json\/wp\/v2\/users\/1"}],"replies":[{"embeddable":true,"href":"https:\/\/stream-online.eu\/nl\/wp-json\/wp\/v2\/comments?post=206"}],"version-history":[{"count":29,"href":"https:\/\/stream-online.eu\/nl\/wp-json\/wp\/v2\/pages\/206\/revisions"}],"predecessor-version":[{"id":303,"href":"https:\/\/stream-online.eu\/nl\/wp-json\/wp\/v2\/pages\/206\/revisions\/303"}],"wp:attachment":[{"href":"https:\/\/stream-online.eu\/nl\/wp-json\/wp\/v2\/media?parent=206"}],"curies":[{"name":"wp","href":"https:\/\/api.w.org\/{rel}","templated":true}]}}